{"id":89,"date":"2024-04-12T16:37:22","date_gmt":"2024-04-12T14:37:22","guid":{"rendered":"https:\/\/kobois.fr\/?page_id=89"},"modified":"2025-02-21T16:15:21","modified_gmt":"2025-02-21T15:15:21","slug":"contactez-demandez-devis-projets","status":"publish","type":"page","link":"https:\/\/kobois.fr\/index.php\/contactez-demandez-devis-projets\/","title":{"rendered":"Contact"},"content":{"rendered":"\t\t<div data-elementor-type=\"wp-page\" data-elementor-id=\"89\" class=\"elementor elementor-89\" data-elementor-post-type=\"page\">\n\t\t\t\t<div class=\"elementor-element elementor-element-97cfb2d e-con-full e-flex e-con e-parent\" data-id=\"97cfb2d\" data-element_type=\"container\" data-e-type=\"container\">\n\t\t<div class=\"elementor-element elementor-element-5cad568 e-con-full e-flex e-con e-child\" data-id=\"5cad568\" data-element_type=\"container\" data-e-type=\"container\">\n\t\t\t\t<\/div>\n\t\t<div class=\"elementor-element elementor-element-6975c8e e-con-full e-flex e-con e-child\" data-id=\"6975c8e\" data-element_type=\"container\" data-e-type=\"container\">\n\t\t\t\t<div class=\"elementor-element elementor-element-f27596b elementor-widget elementor-widget-heading\" data-id=\"f27596b\" data-element_type=\"widget\" data-e-type=\"widget\" data-widget_type=\"heading.default\">\n\t\t\t\t<div class=\"elementor-widget-container\">\n\t\t\t\t\t<h2 class=\"elementor-heading-title elementor-size-default\">Contact<\/h2>\t\t\t\t<\/div>\n\t\t\t\t<\/div>\n\t\t\t\t<\/div>\n\t\t\t\t<\/div>\n\t\t<div class=\"elementor-element elementor-element-1d9c6dd e-con-full e-flex e-con e-parent\" data-id=\"1d9c6dd\" data-element_type=\"container\" data-e-type=\"container\">\n\t\t<div class=\"elementor-element elementor-element-766e1ba e-con-full e-flex e-con e-child\" data-id=\"766e1ba\" data-element_type=\"container\" data-e-type=\"container\">\n\t\t\t\t<div class=\"elementor-element elementor-element-be61b95 elementor-widget elementor-widget-text-editor\" data-id=\"be61b95\" data-element_type=\"widget\" data-e-type=\"widget\" data-widget_type=\"text-editor.default\">\n\t\t\t\t<div class=\"elementor-widget-container\">\n\t\t\t\t\t\t\t\t\t<p>Un nouveau projet ?<\/p>\t\t\t\t\t\t\t\t<\/div>\n\t\t\t\t<\/div>\n\t\t\t\t<div class=\"elementor-element elementor-element-bf3f50a elementor-widget elementor-widget-text-editor\" data-id=\"bf3f50a\" data-element_type=\"widget\" data-e-type=\"widget\" data-widget_type=\"text-editor.default\">\n\t\t\t\t<div class=\"elementor-widget-container\">\n\t\t\t\t\t\t\t\t\t<p><span style=\"color: #000000;\">N&rsquo;h\u00e9sitez pas \u00e0 nous contacter, <br \/>nous r\u00e9pondrons \u00e0 toutes vos questions !<\/span><\/p>\t\t\t\t\t\t\t\t<\/div>\n\t\t\t\t<\/div>\n\t\t\t\t<\/div>\n\t\t<div class=\"elementor-element elementor-element-f9ff456 e-con-full e-flex e-con e-child\" data-id=\"f9ff456\" data-element_type=\"container\" data-e-type=\"container\">\n\t\t\t\t<div class=\"elementor-element elementor-element-eb90b8b elementor-widget elementor-widget-text-editor\" data-id=\"eb90b8b\" data-element_type=\"widget\" data-e-type=\"widget\" data-widget_type=\"text-editor.default\">\n\t\t\t\t<div class=\"elementor-widget-container\">\n\t\t\t\t\t\t\t\t\t<p><span style=\"color: #808080;\">Adresse<\/span><br \/>11 all\u00e9e Duquesne<br \/>44000, Nantes<\/p><p><br \/><span style=\"color: #808080;\">Horaires<\/span><br \/>Du lundi au vendredi de 9:00 \u00e0 18:00<\/p><p>\u00a0<\/p><p><span style=\"color: #808080;\">Num\u00e9ro et mail<\/span><br \/>+33 (0)6 02 10 36 94<br \/><span style=\"color: #000000;\"><a style=\"color: #000000; text-decoration: underline;\" href=\"mailto:contact@kobois.fr\">contact@kobois.fr<\/a><br \/><\/span><\/p>\t\t\t\t\t\t\t\t<\/div>\n\t\t\t\t<\/div>\n\t\t\t\t<\/div>\n\t\t\t\t<\/div>\n\t\t\t\t<\/div>\n\t\t","protected":false},"excerpt":{"rendered":"<p>Contact Un nouveau projet ? N&rsquo;h\u00e9sitez pas \u00e0 nous contacter, nous r\u00e9pondrons \u00e0 toutes vos questions ! Adresse11 all\u00e9e Duquesne44000, Nantes HorairesDu lundi au vendredi de 9:00 \u00e0 18:00 \u00a0 Num\u00e9ro et mail+33 (0)6 02 10 36 94contact@kobois.fr<\/p>\n","protected":false},"author":1,"featured_media":0,"parent":0,"menu_order":0,"comment_status":"closed","ping_status":"closed","template":"","meta":{"inline_featured_image":false,"footnotes":""},"class_list":["post-89","page","type-page","status-publish","hentry"],"yoast_head":"<!-- This site is optimized with the Yoast SEO plugin v27.4 - https:\/\/yoast.com\/product\/yoast-seo-wordpress\/ -->\n<title>Contactez et demandez nous un devis pour vos projets !<\/title>\n<meta name=\"description\" content=\"Contactez Kobois pour vos projets de pose de parquet, sol souple et terrasse en bois. Demandez un devis et b\u00e9n\u00e9ficiez de notre expertise !\" \/>\n<meta name=\"robots\" content=\"index, follow, max-snippet:-1, max-image-preview:large, max-video-preview:-1\" \/>\n<link rel=\"canonical\" href=\"https:\/\/kobois.fr\/index.php\/contactez-demandez-devis-projets\/\" \/>\n<meta property=\"og:locale\" content=\"fr_FR\" \/>\n<meta property=\"og:type\" content=\"article\" \/>\n<meta property=\"og:title\" content=\"Contactez et demandez nous un devis pour vos projets !\" \/>\n<meta property=\"og:description\" content=\"Contactez Kobois pour vos projets de pose de parquet, sol souple et terrasse en bois. Demandez un devis et b\u00e9n\u00e9ficiez de notre expertise !\" \/>\n<meta property=\"og:url\" content=\"https:\/\/kobois.fr\/index.php\/contactez-demandez-devis-projets\/\" \/>\n<meta property=\"article:modified_time\" content=\"2025-02-21T15:15:21+00:00\" \/>\n<meta name=\"twitter:card\" content=\"summary_large_image\" \/>\n<meta name=\"twitter:label1\" content=\"Dur\u00e9e de lecture estim\u00e9e\" \/>\n\t<meta name=\"twitter:data1\" content=\"1 minute\" \/>\n<script type=\"application\/ld+json\" class=\"yoast-schema-graph\">{\"@context\":\"https:\\\/\\\/schema.org\",\"@graph\":[{\"@type\":\"WebPage\",\"@id\":\"https:\\\/\\\/kobois.fr\\\/index.php\\\/contactez-demandez-devis-projets\\\/\",\"url\":\"https:\\\/\\\/kobois.fr\\\/index.php\\\/contactez-demandez-devis-projets\\\/\",\"name\":\"Contactez et demandez nous un devis pour vos projets !\",\"isPartOf\":{\"@id\":\"https:\\\/\\\/kobois.fr\\\/#website\"},\"datePublished\":\"2024-04-12T14:37:22+00:00\",\"dateModified\":\"2025-02-21T15:15:21+00:00\",\"description\":\"Contactez Kobois pour vos projets de pose de parquet, sol souple et terrasse en bois. Demandez un devis et b\u00e9n\u00e9ficiez de notre expertise !\",\"breadcrumb\":{\"@id\":\"https:\\\/\\\/kobois.fr\\\/index.php\\\/contactez-demandez-devis-projets\\\/#breadcrumb\"},\"inLanguage\":\"fr-FR\",\"potentialAction\":[{\"@type\":\"ReadAction\",\"target\":[\"https:\\\/\\\/kobois.fr\\\/index.php\\\/contactez-demandez-devis-projets\\\/\"]}]},{\"@type\":\"BreadcrumbList\",\"@id\":\"https:\\\/\\\/kobois.fr\\\/index.php\\\/contactez-demandez-devis-projets\\\/#breadcrumb\",\"itemListElement\":[{\"@type\":\"ListItem\",\"position\":1,\"name\":\"Accueil\",\"item\":\"https:\\\/\\\/kobois.fr\\\/\"},{\"@type\":\"ListItem\",\"position\":2,\"name\":\"Contact\"}]},{\"@type\":\"WebSite\",\"@id\":\"https:\\\/\\\/kobois.fr\\\/#website\",\"url\":\"https:\\\/\\\/kobois.fr\\\/\",\"name\":\"\",\"description\":\"\",\"potentialAction\":[{\"@type\":\"SearchAction\",\"target\":{\"@type\":\"EntryPoint\",\"urlTemplate\":\"https:\\\/\\\/kobois.fr\\\/?s={search_term_string}\"},\"query-input\":{\"@type\":\"PropertyValueSpecification\",\"valueRequired\":true,\"valueName\":\"search_term_string\"}}],\"inLanguage\":\"fr-FR\"}]}<\/script>\n<!-- \/ Yoast SEO plugin. -->","yoast_head_json":{"title":"Contactez et demandez nous un devis pour vos projets !","description":"Contactez Kobois pour vos projets de pose de parquet, sol souple et terrasse en bois. Demandez un devis et b\u00e9n\u00e9ficiez de notre expertise !","robots":{"index":"index","follow":"follow","max-snippet":"max-snippet:-1","max-image-preview":"max-image-preview:large","max-video-preview":"max-video-preview:-1"},"canonical":"https:\/\/kobois.fr\/index.php\/contactez-demandez-devis-projets\/","og_locale":"fr_FR","og_type":"article","og_title":"Contactez et demandez nous un devis pour vos projets !","og_description":"Contactez Kobois pour vos projets de pose de parquet, sol souple et terrasse en bois. Demandez un devis et b\u00e9n\u00e9ficiez de notre expertise !","og_url":"https:\/\/kobois.fr\/index.php\/contactez-demandez-devis-projets\/","article_modified_time":"2025-02-21T15:15:21+00:00","twitter_card":"summary_large_image","twitter_misc":{"Dur\u00e9e de lecture estim\u00e9e":"1 minute"},"schema":{"@context":"https:\/\/schema.org","@graph":[{"@type":"WebPage","@id":"https:\/\/kobois.fr\/index.php\/contactez-demandez-devis-projets\/","url":"https:\/\/kobois.fr\/index.php\/contactez-demandez-devis-projets\/","name":"Contactez et demandez nous un devis pour vos projets !","isPartOf":{"@id":"https:\/\/kobois.fr\/#website"},"datePublished":"2024-04-12T14:37:22+00:00","dateModified":"2025-02-21T15:15:21+00:00","description":"Contactez Kobois pour vos projets de pose de parquet, sol souple et terrasse en bois. Demandez un devis et b\u00e9n\u00e9ficiez de notre expertise !","breadcrumb":{"@id":"https:\/\/kobois.fr\/index.php\/contactez-demandez-devis-projets\/#breadcrumb"},"inLanguage":"fr-FR","potentialAction":[{"@type":"ReadAction","target":["https:\/\/kobois.fr\/index.php\/contactez-demandez-devis-projets\/"]}]},{"@type":"BreadcrumbList","@id":"https:\/\/kobois.fr\/index.php\/contactez-demandez-devis-projets\/#breadcrumb","itemListElement":[{"@type":"ListItem","position":1,"name":"Accueil","item":"https:\/\/kobois.fr\/"},{"@type":"ListItem","position":2,"name":"Contact"}]},{"@type":"WebSite","@id":"https:\/\/kobois.fr\/#website","url":"https:\/\/kobois.fr\/","name":"","description":"","potentialAction":[{"@type":"SearchAction","target":{"@type":"EntryPoint","urlTemplate":"https:\/\/kobois.fr\/?s={search_term_string}"},"query-input":{"@type":"PropertyValueSpecification","valueRequired":true,"valueName":"search_term_string"}}],"inLanguage":"fr-FR"}]}},"_links":{"self":[{"href":"https:\/\/kobois.fr\/index.php\/wp-json\/wp\/v2\/pages\/89","targetHints":{"allow":["GET"]}}],"collection":[{"href":"https:\/\/kobois.fr\/index.php\/wp-json\/wp\/v2\/pages"}],"about":[{"href":"https:\/\/kobois.fr\/index.php\/wp-json\/wp\/v2\/types\/page"}],"author":[{"embeddable":true,"href":"https:\/\/kobois.fr\/index.php\/wp-json\/wp\/v2\/users\/1"}],"replies":[{"embeddable":true,"href":"https:\/\/kobois.fr\/index.php\/wp-json\/wp\/v2\/comments?post=89"}],"version-history":[{"count":244,"href":"https:\/\/kobois.fr\/index.php\/wp-json\/wp\/v2\/pages\/89\/revisions"}],"predecessor-version":[{"id":2163,"href":"https:\/\/kobois.fr\/index.php\/wp-json\/wp\/v2\/pages\/89\/revisions\/2163"}],"wp:attachment":[{"href":"https:\/\/kobois.fr\/index.php\/wp-json\/wp\/v2\/media?parent=89"}],"curies":[{"name":"wp","href":"https:\/\/api.w.org\/{rel}","templated":true}]}}