{"id":87,"date":"2024-04-12T16:37:27","date_gmt":"2024-04-12T14:37:27","guid":{"rendered":"https:\/\/kobois.fr\/?page_id=87"},"modified":"2025-08-22T12:12:35","modified_gmt":"2025-08-22T10:12:35","slug":"projets-parquet-sol-terrasse","status":"publish","type":"page","link":"https:\/\/kobois.fr\/index.php\/projets-parquet-sol-terrasse\/","title":{"rendered":"Projets"},"content":{"rendered":"\t\t<div data-elementor-type=\"wp-page\" data-elementor-id=\"87\" class=\"elementor elementor-87\" data-elementor-post-type=\"page\">\n\t\t\t\t<div class=\"elementor-element elementor-element-12d1866 e-con-full e-flex e-con e-parent\" data-id=\"12d1866\" data-element_type=\"container\" data-e-type=\"container\">\n\t\t<div class=\"elementor-element elementor-element-7efa65a e-con-full e-flex e-con e-child\" data-id=\"7efa65a\" data-element_type=\"container\" data-e-type=\"container\">\n\t\t\t\t<\/div>\n\t\t<div class=\"elementor-element elementor-element-a6e96af e-con-full e-flex e-con e-child\" data-id=\"a6e96af\" data-element_type=\"container\" data-e-type=\"container\">\n\t\t\t\t<div class=\"elementor-element elementor-element-7fd4d7a elementor-widget elementor-widget-heading\" data-id=\"7fd4d7a\" data-element_type=\"widget\" data-e-type=\"widget\" data-widget_type=\"heading.default\">\n\t\t\t\t<div class=\"elementor-widget-container\">\n\t\t\t\t\t<h2 class=\"elementor-heading-title elementor-size-default\">Nos r\u00e9alisations<\/h2>\t\t\t\t<\/div>\n\t\t\t\t<\/div>\n\t\t\t\t<\/div>\n\t\t\t\t<\/div>\n\t\t<div class=\"elementor-element elementor-element-933bfc6 e-flex e-con-boxed e-con e-parent\" data-id=\"933bfc6\" data-element_type=\"container\" data-e-type=\"container\">\n\t\t\t\t\t<div class=\"e-con-inner\">\n\t\t\t\t<div class=\"elementor-element elementor-element-3b26cc1 elementor-widget elementor-widget-text-editor\" data-id=\"3b26cc1\" data-element_type=\"widget\" data-e-type=\"widget\" data-widget_type=\"text-editor.default\">\n\t\t\t\t<div class=\"elementor-widget-container\">\n\t\t\t\t\t\t\t\t\t<p>Chaque projet est une occasion de mettre en valeur notre expertise et notre savoir-faire, offrant des solutions esth\u00e9tiques et durables pour tous vos espaces int\u00e9rieurs et ext\u00e9rieurs.<\/p>\t\t\t\t\t\t\t\t<\/div>\n\t\t\t\t<\/div>\n\t\t\t\t\t<\/div>\n\t\t\t\t<\/div>\n\t\t<div class=\"elementor-element elementor-element-bd9e133 e-con-full e-flex e-con e-parent\" data-id=\"bd9e133\" data-element_type=\"container\" data-e-type=\"container\">\n\t\t\t\t<div class=\"elementor-element elementor-element-bc6871f elementor-grid-3 elementor-grid-tablet-2 elementor-grid-mobile-1 elementor-widget elementor-widget-portfolio\" data-id=\"bc6871f\" data-element_type=\"widget\" data-e-type=\"widget\" data-settings=\"{&quot;item_ratio&quot;:{&quot;unit&quot;:&quot;px&quot;,&quot;size&quot;:1.5,&quot;sizes&quot;:[]},&quot;row_gap&quot;:{&quot;unit&quot;:&quot;px&quot;,&quot;size&quot;:32,&quot;sizes&quot;:[]},&quot;columns&quot;:&quot;3&quot;,&quot;columns_tablet&quot;:&quot;2&quot;,&quot;columns_mobile&quot;:&quot;1&quot;,&quot;item_gap&quot;:{&quot;unit&quot;:&quot;px&quot;,&quot;size&quot;:&quot;&quot;,&quot;sizes&quot;:[]}}\" data-widget_type=\"portfolio.default\">\n\t\t\t\t<div class=\"elementor-widget-container\">\n\t\t\t\t\t\t\t<div class=\"elementor-portfolio elementor-grid elementor-posts-container\" role=\"list\">\n\t\t\t\t<article class=\"elementor-portfolio-item elementor-post  post-1 post type-post status-publish format-standard has-post-thumbnail hentry category-non-classe\" role=\"listitem\">\n\t\t\t<a class=\"elementor-post__thumbnail__link\" href=\"https:\/\/kobois.fr\/index.php\/2025\/07\/31\/bonjour-tout-le-monde\/\">\n\t\t\t\t<div class=\"elementor-portfolio-item__img elementor-post__thumbnail\">\n\t\t\t<img fetchpriority=\"high\" decoding=\"async\" width=\"768\" height=\"1024\" src=\"https:\/\/kobois.fr\/wp-content\/uploads\/2025\/07\/IMG_4796-768x1024.jpg\" class=\"attachment-medium_large size-medium_large wp-image-2208\" alt=\"\" srcset=\"https:\/\/kobois.fr\/wp-content\/uploads\/2025\/07\/IMG_4796-768x1024.jpg 768w, https:\/\/kobois.fr\/wp-content\/uploads\/2025\/07\/IMG_4796-225x300.jpg 225w, https:\/\/kobois.fr\/wp-content\/uploads\/2025\/07\/IMG_4796-1152x1536.jpg 1152w, https:\/\/kobois.fr\/wp-content\/uploads\/2025\/07\/IMG_4796-1536x2048.jpg 1536w, https:\/\/kobois.fr\/wp-content\/uploads\/2025\/07\/IMG_4796-scaled.jpg 1920w\" sizes=\"(max-width: 768px) 100vw, 768px\" \/>\t\t<\/div>\n\t\t\t\t<div class=\"elementor-portfolio-item__overlay\">\n\t\t\t\t<h3 class=\"elementor-portfolio-item__title\">\n\t\tAgrandissement terrasse\t\t<\/h3>\n\t\t\t\t<\/div>\n\t\t\t\t<\/a>\n\t\t<\/article>\n\t\t\t\t<article class=\"elementor-portfolio-item elementor-post  post-720 post type-post status-publish format-standard has-post-thumbnail hentry category-non-classe\" role=\"listitem\">\n\t\t\t<a class=\"elementor-post__thumbnail__link\" href=\"https:\/\/kobois.fr\/index.php\/2025\/07\/31\/parquet-ancien-appartement\/\">\n\t\t\t\t<div class=\"elementor-portfolio-item__img elementor-post__thumbnail\">\n\t\t\t<img decoding=\"async\" width=\"768\" height=\"1024\" src=\"https:\/\/kobois.fr\/wp-content\/uploads\/2025\/07\/IMG_4537-768x1024.jpg\" class=\"attachment-medium_large size-medium_large wp-image-2244\" alt=\"\" srcset=\"https:\/\/kobois.fr\/wp-content\/uploads\/2025\/07\/IMG_4537-768x1024.jpg 768w, https:\/\/kobois.fr\/wp-content\/uploads\/2025\/07\/IMG_4537-225x300.jpg 225w, https:\/\/kobois.fr\/wp-content\/uploads\/2025\/07\/IMG_4537-scaled.jpg 1920w\" sizes=\"(max-width: 768px) 100vw, 768px\" \/>\t\t<\/div>\n\t\t\t\t<div class=\"elementor-portfolio-item__overlay\">\n\t\t\t\t<h3 class=\"elementor-portfolio-item__title\">\n\t\tTerrasse en bois en pin US\t\t<\/h3>\n\t\t\t\t<\/div>\n\t\t\t\t<\/a>\n\t\t<\/article>\n\t\t\t\t<article class=\"elementor-portfolio-item elementor-post  post-718 post type-post status-publish format-standard has-post-thumbnail hentry category-non-classe\" role=\"listitem\">\n\t\t\t<a class=\"elementor-post__thumbnail__link\" href=\"https:\/\/kobois.fr\/index.php\/2025\/07\/31\/terrasse-bord-de-mer\/\">\n\t\t\t\t<div class=\"elementor-portfolio-item__img elementor-post__thumbnail\">\n\t\t\t<img decoding=\"async\" width=\"768\" height=\"576\" src=\"https:\/\/kobois.fr\/wp-content\/uploads\/2025\/07\/IMG_2981-768x576.jpg\" class=\"attachment-medium_large size-medium_large wp-image-2259\" alt=\"\" srcset=\"https:\/\/kobois.fr\/wp-content\/uploads\/2025\/07\/IMG_2981-768x576.jpg 768w, https:\/\/kobois.fr\/wp-content\/uploads\/2025\/07\/IMG_2981-300x225.jpg 300w, https:\/\/kobois.fr\/wp-content\/uploads\/2025\/07\/IMG_2981-1024x768.jpg 1024w, https:\/\/kobois.fr\/wp-content\/uploads\/2025\/07\/IMG_2981-1536x1152.jpg 1536w, https:\/\/kobois.fr\/wp-content\/uploads\/2025\/07\/IMG_2981-2048x1536.jpg 2048w\" sizes=\"(max-width: 768px) 100vw, 768px\" \/>\t\t<\/div>\n\t\t\t\t<div class=\"elementor-portfolio-item__overlay\">\n\t\t\t\t<h3 class=\"elementor-portfolio-item__title\">\n\t\tPose de parquet massif en Pointe de Hongrie\t\t<\/h3>\n\t\t\t\t<\/div>\n\t\t\t\t<\/a>\n\t\t<\/article>\n\t\t\t\t<article class=\"elementor-portfolio-item elementor-post  post-711 post type-post status-publish format-standard has-post-thumbnail hentry category-non-classe\" role=\"listitem\">\n\t\t\t<a class=\"elementor-post__thumbnail__link\" href=\"https:\/\/kobois.fr\/index.php\/2025\/07\/31\/ponsage-parquet\/\">\n\t\t\t\t<div class=\"elementor-portfolio-item__img elementor-post__thumbnail\">\n\t\t\t<img loading=\"lazy\" decoding=\"async\" width=\"768\" height=\"1024\" src=\"https:\/\/kobois.fr\/wp-content\/uploads\/2025\/07\/IMG_3122-768x1024.jpg\" class=\"attachment-medium_large size-medium_large wp-image-2270\" alt=\"\" srcset=\"https:\/\/kobois.fr\/wp-content\/uploads\/2025\/07\/IMG_3122-768x1024.jpg 768w, https:\/\/kobois.fr\/wp-content\/uploads\/2025\/07\/IMG_3122-225x300.jpg 225w, https:\/\/kobois.fr\/wp-content\/uploads\/2025\/07\/IMG_3122-1152x1536.jpg 1152w, https:\/\/kobois.fr\/wp-content\/uploads\/2025\/07\/IMG_3122-1536x2048.jpg 1536w, https:\/\/kobois.fr\/wp-content\/uploads\/2025\/07\/IMG_3122-scaled.jpg 1920w\" sizes=\"(max-width: 768px) 100vw, 768px\" \/>\t\t<\/div>\n\t\t\t\t<div class=\"elementor-portfolio-item__overlay\">\n\t\t\t\t<h3 class=\"elementor-portfolio-item__title\">\n\t\tR\u00e9novation d&rsquo;un parquet par pon\u00e7age\t\t<\/h3>\n\t\t\t\t<\/div>\n\t\t\t\t<\/a>\n\t\t<\/article>\n\t\t\t\t<article class=\"elementor-portfolio-item elementor-post  post-709 post type-post status-publish format-standard has-post-thumbnail hentry category-non-classe\" role=\"listitem\">\n\t\t\t<a class=\"elementor-post__thumbnail__link\" href=\"https:\/\/kobois.fr\/index.php\/2025\/07\/31\/parquet-flottant\/\">\n\t\t\t\t<div class=\"elementor-portfolio-item__img elementor-post__thumbnail\">\n\t\t\t<img loading=\"lazy\" decoding=\"async\" width=\"768\" height=\"1024\" src=\"https:\/\/kobois.fr\/wp-content\/uploads\/2025\/07\/IMG_3423-768x1024.jpg\" class=\"attachment-medium_large size-medium_large wp-image-2282\" alt=\"\" srcset=\"https:\/\/kobois.fr\/wp-content\/uploads\/2025\/07\/IMG_3423-768x1024.jpg 768w, https:\/\/kobois.fr\/wp-content\/uploads\/2025\/07\/IMG_3423-225x300.jpg 225w, https:\/\/kobois.fr\/wp-content\/uploads\/2025\/07\/IMG_3423-1152x1536.jpg 1152w, https:\/\/kobois.fr\/wp-content\/uploads\/2025\/07\/IMG_3423-1536x2048.jpg 1536w, https:\/\/kobois.fr\/wp-content\/uploads\/2025\/07\/IMG_3423-scaled.jpg 1920w\" sizes=\"(max-width: 768px) 100vw, 768px\" \/>\t\t<\/div>\n\t\t\t\t<div class=\"elementor-portfolio-item__overlay\">\n\t\t\t\t<h3 class=\"elementor-portfolio-item__title\">\n\t\tTerrasse en bois autour d&rsquo;une piscine\t\t<\/h3>\n\t\t\t\t<\/div>\n\t\t\t\t<\/a>\n\t\t<\/article>\n\t\t\t\t<\/div>\n\t\t\t\t\t\t<\/div>\n\t\t\t\t<\/div>\n\t\t\t\t<\/div>\n\t\t<div class=\"elementor-element elementor-element-0b0d8bb elementor-hidden-mobile e-flex e-con-boxed e-con e-parent\" data-id=\"0b0d8bb\" data-element_type=\"container\" data-e-type=\"container\">\n\t\t\t\t\t<div class=\"e-con-inner\">\n\t\t<div class=\"elementor-element elementor-element-9aac204 e-con-full e-flex e-con e-child\" data-id=\"9aac204\" data-element_type=\"container\" data-e-type=\"container\">\n\t\t\t\t<div class=\"elementor-element elementor-element-5b1eb0e elementor-widget elementor-widget-text-editor\" data-id=\"5b1eb0e\" data-element_type=\"widget\" data-e-type=\"widget\" data-widget_type=\"text-editor.default\">\n\t\t\t\t<div class=\"elementor-widget-container\">\n\t\t\t\t\t\t\t\t\t<p><em><span style=\"color: #000000;\">Lancez votre projet<\/span><\/em><\/p>\t\t\t\t\t\t\t\t<\/div>\n\t\t\t\t<\/div>\n\t\t\t\t<div class=\"elementor-element elementor-element-f70acc6 elementor-widget elementor-widget-text-editor\" data-id=\"f70acc6\" data-element_type=\"widget\" data-e-type=\"widget\" data-widget_type=\"text-editor.default\">\n\t\t\t\t<div class=\"elementor-widget-container\">\n\t\t\t\t\t\t\t\t\t<p>Un projet, des questions ?<br \/>N&rsquo;h\u00e9sitez pas \u00e0 nous contacter<\/p>\t\t\t\t\t\t\t\t<\/div>\n\t\t\t\t<\/div>\n\t\t\t\t<div class=\"elementor-element elementor-element-e65f8c9 elementor-align-center elementor-widget elementor-widget-button\" data-id=\"e65f8c9\" data-element_type=\"widget\" data-e-type=\"widget\" data-widget_type=\"button.default\">\n\t\t\t\t<div class=\"elementor-widget-container\">\n\t\t\t\t\t\t\t\t\t<div class=\"elementor-button-wrapper\">\n\t\t\t\t\t<a class=\"elementor-button elementor-button-link elementor-size-sm\" href=\"mailto:contact@kobois.fr\">\n\t\t\t\t\t\t<span class=\"elementor-button-content-wrapper\">\n\t\t\t\t\t\t\t\t\t<span class=\"elementor-button-text\">contact@kobois.fr<\/span>\n\t\t\t\t\t<\/span>\n\t\t\t\t\t<\/a>\n\t\t\t\t<\/div>\n\t\t\t\t\t\t\t\t<\/div>\n\t\t\t\t<\/div>\n\t\t\t\t<\/div>\n\t\t\t\t\t<\/div>\n\t\t\t\t<\/div>\n\t\t<div class=\"elementor-element elementor-element-29acbfd e-con-full elementor-hidden-desktop elementor-hidden-tablet e-flex e-con e-parent\" data-id=\"29acbfd\" data-element_type=\"container\" data-e-type=\"container\">\n\t\t<div class=\"elementor-element elementor-element-c8fa999 e-con-full e-flex e-con e-child\" data-id=\"c8fa999\" data-element_type=\"container\" data-e-type=\"container\">\n\t\t\t\t<div class=\"elementor-element elementor-element-2774a78 elementor-widget elementor-widget-text-editor\" data-id=\"2774a78\" data-element_type=\"widget\" data-e-type=\"widget\" data-widget_type=\"text-editor.default\">\n\t\t\t\t<div class=\"elementor-widget-container\">\n\t\t\t\t\t\t\t\t\t<p><em><span style=\"color: #000000;\">Lancez votre projet<\/span><\/em><\/p>\t\t\t\t\t\t\t\t<\/div>\n\t\t\t\t<\/div>\n\t\t\t\t<div class=\"elementor-element elementor-element-6557391 elementor-widget elementor-widget-text-editor\" data-id=\"6557391\" data-element_type=\"widget\" data-e-type=\"widget\" data-widget_type=\"text-editor.default\">\n\t\t\t\t<div class=\"elementor-widget-container\">\n\t\t\t\t\t\t\t\t\t<p>Un projet, des questions ?<br \/>N&rsquo;h\u00e9sitez pas \u00e0 nous contacter<\/p>\t\t\t\t\t\t\t\t<\/div>\n\t\t\t\t<\/div>\n\t\t\t\t<div class=\"elementor-element elementor-element-fbbe7d7 elementor-align-center elementor-widget elementor-widget-button\" data-id=\"fbbe7d7\" data-element_type=\"widget\" data-e-type=\"widget\" data-widget_type=\"button.default\">\n\t\t\t\t<div class=\"elementor-widget-container\">\n\t\t\t\t\t\t\t\t\t<div class=\"elementor-button-wrapper\">\n\t\t\t\t\t<a class=\"elementor-button elementor-button-link elementor-size-sm\" href=\"mailto:contact@kobois.fr\">\n\t\t\t\t\t\t<span class=\"elementor-button-content-wrapper\">\n\t\t\t\t\t\t\t\t\t<span class=\"elementor-button-text\">contact@kobois.fr<\/span>\n\t\t\t\t\t<\/span>\n\t\t\t\t\t<\/a>\n\t\t\t\t<\/div>\n\t\t\t\t\t\t\t\t<\/div>\n\t\t\t\t<\/div>\n\t\t\t\t<\/div>\n\t\t\t\t<\/div>\n\t\t\t\t<\/div>\n\t\t","protected":false},"excerpt":{"rendered":"<p>Nos r\u00e9alisations Chaque projet est une occasion de mettre en valeur notre expertise et notre savoir-faire, offrant des solutions esth\u00e9tiques et durables pour tous vos espaces int\u00e9rieurs et ext\u00e9rieurs. Lancez votre projet Un projet, des questions ?N&rsquo;h\u00e9sitez pas \u00e0 nous contacter contact@kobois.fr Lancez votre projet Un projet, des questions ?N&rsquo;h\u00e9sitez pas \u00e0 nous contacter contact@kobois.fr<\/p>\n","protected":false},"author":1,"featured_media":0,"parent":0,"menu_order":0,"comment_status":"closed","ping_status":"closed","template":"","meta":{"inline_featured_image":false,"footnotes":""},"class_list":["post-87","page","type-page","status-publish","hentry"],"yoast_head":"<!-- This site is optimized with the Yoast SEO plugin v27.4 - https:\/\/yoast.com\/product\/yoast-seo-wordpress\/ -->\n<title>Nos projets de pose de parquet, sol souple et terrasse en bois !<\/title>\n<meta name=\"description\" content=\"Explorez et d\u00e9couvrez nos projets r\u00e9alis\u00e9s dans la pose de parquet, de sol souple et de terrasse en bois, gr\u00e2ce \u00e0 des solutions sur mesure !\" \/>\n<meta name=\"robots\" content=\"index, follow, max-snippet:-1, max-image-preview:large, max-video-preview:-1\" \/>\n<link rel=\"canonical\" href=\"https:\/\/kobois.fr\/index.php\/projets-parquet-sol-terrasse\/\" \/>\n<meta property=\"og:locale\" content=\"fr_FR\" \/>\n<meta property=\"og:type\" content=\"article\" \/>\n<meta property=\"og:title\" content=\"Nos projets de pose de parquet, sol souple et terrasse en bois !\" \/>\n<meta property=\"og:description\" content=\"Explorez et d\u00e9couvrez nos projets r\u00e9alis\u00e9s dans la pose de parquet, de sol souple et de terrasse en bois, gr\u00e2ce \u00e0 des solutions sur mesure !\" \/>\n<meta property=\"og:url\" content=\"https:\/\/kobois.fr\/index.php\/projets-parquet-sol-terrasse\/\" \/>\n<meta property=\"article:modified_time\" content=\"2025-08-22T10:12:35+00:00\" \/>\n<meta name=\"twitter:card\" content=\"summary_large_image\" \/>\n<meta name=\"twitter:label1\" content=\"Dur\u00e9e de lecture estim\u00e9e\" \/>\n\t<meta name=\"twitter:data1\" content=\"2 minutes\" \/>\n<script type=\"application\/ld+json\" class=\"yoast-schema-graph\">{\"@context\":\"https:\\\/\\\/schema.org\",\"@graph\":[{\"@type\":\"WebPage\",\"@id\":\"https:\\\/\\\/kobois.fr\\\/index.php\\\/projets-parquet-sol-terrasse\\\/\",\"url\":\"https:\\\/\\\/kobois.fr\\\/index.php\\\/projets-parquet-sol-terrasse\\\/\",\"name\":\"Nos projets de pose de parquet, sol souple et terrasse en bois !\",\"isPartOf\":{\"@id\":\"https:\\\/\\\/kobois.fr\\\/#website\"},\"datePublished\":\"2024-04-12T14:37:27+00:00\",\"dateModified\":\"2025-08-22T10:12:35+00:00\",\"description\":\"Explorez et d\u00e9couvrez nos projets r\u00e9alis\u00e9s dans la pose de parquet, de sol souple et de terrasse en bois, gr\u00e2ce \u00e0 des solutions sur mesure !\",\"breadcrumb\":{\"@id\":\"https:\\\/\\\/kobois.fr\\\/index.php\\\/projets-parquet-sol-terrasse\\\/#breadcrumb\"},\"inLanguage\":\"fr-FR\",\"potentialAction\":[{\"@type\":\"ReadAction\",\"target\":[\"https:\\\/\\\/kobois.fr\\\/index.php\\\/projets-parquet-sol-terrasse\\\/\"]}]},{\"@type\":\"BreadcrumbList\",\"@id\":\"https:\\\/\\\/kobois.fr\\\/index.php\\\/projets-parquet-sol-terrasse\\\/#breadcrumb\",\"itemListElement\":[{\"@type\":\"ListItem\",\"position\":1,\"name\":\"Accueil\",\"item\":\"https:\\\/\\\/kobois.fr\\\/\"},{\"@type\":\"ListItem\",\"position\":2,\"name\":\"Projets\"}]},{\"@type\":\"WebSite\",\"@id\":\"https:\\\/\\\/kobois.fr\\\/#website\",\"url\":\"https:\\\/\\\/kobois.fr\\\/\",\"name\":\"\",\"description\":\"\",\"potentialAction\":[{\"@type\":\"SearchAction\",\"target\":{\"@type\":\"EntryPoint\",\"urlTemplate\":\"https:\\\/\\\/kobois.fr\\\/?s={search_term_string}\"},\"query-input\":{\"@type\":\"PropertyValueSpecification\",\"valueRequired\":true,\"valueName\":\"search_term_string\"}}],\"inLanguage\":\"fr-FR\"}]}<\/script>\n<!-- \/ Yoast SEO plugin. -->","yoast_head_json":{"title":"Nos projets de pose de parquet, sol souple et terrasse en bois !","description":"Explorez et d\u00e9couvrez nos projets r\u00e9alis\u00e9s dans la pose de parquet, de sol souple et de terrasse en bois, gr\u00e2ce \u00e0 des solutions sur mesure !","robots":{"index":"index","follow":"follow","max-snippet":"max-snippet:-1","max-image-preview":"max-image-preview:large","max-video-preview":"max-video-preview:-1"},"canonical":"https:\/\/kobois.fr\/index.php\/projets-parquet-sol-terrasse\/","og_locale":"fr_FR","og_type":"article","og_title":"Nos projets de pose de parquet, sol souple et terrasse en bois !","og_description":"Explorez et d\u00e9couvrez nos projets r\u00e9alis\u00e9s dans la pose de parquet, de sol souple et de terrasse en bois, gr\u00e2ce \u00e0 des solutions sur mesure !","og_url":"https:\/\/kobois.fr\/index.php\/projets-parquet-sol-terrasse\/","article_modified_time":"2025-08-22T10:12:35+00:00","twitter_card":"summary_large_image","twitter_misc":{"Dur\u00e9e de lecture estim\u00e9e":"2 minutes"},"schema":{"@context":"https:\/\/schema.org","@graph":[{"@type":"WebPage","@id":"https:\/\/kobois.fr\/index.php\/projets-parquet-sol-terrasse\/","url":"https:\/\/kobois.fr\/index.php\/projets-parquet-sol-terrasse\/","name":"Nos projets de pose de parquet, sol souple et terrasse en bois !","isPartOf":{"@id":"https:\/\/kobois.fr\/#website"},"datePublished":"2024-04-12T14:37:27+00:00","dateModified":"2025-08-22T10:12:35+00:00","description":"Explorez et d\u00e9couvrez nos projets r\u00e9alis\u00e9s dans la pose de parquet, de sol souple et de terrasse en bois, gr\u00e2ce \u00e0 des solutions sur mesure !","breadcrumb":{"@id":"https:\/\/kobois.fr\/index.php\/projets-parquet-sol-terrasse\/#breadcrumb"},"inLanguage":"fr-FR","potentialAction":[{"@type":"ReadAction","target":["https:\/\/kobois.fr\/index.php\/projets-parquet-sol-terrasse\/"]}]},{"@type":"BreadcrumbList","@id":"https:\/\/kobois.fr\/index.php\/projets-parquet-sol-terrasse\/#breadcrumb","itemListElement":[{"@type":"ListItem","position":1,"name":"Accueil","item":"https:\/\/kobois.fr\/"},{"@type":"ListItem","position":2,"name":"Projets"}]},{"@type":"WebSite","@id":"https:\/\/kobois.fr\/#website","url":"https:\/\/kobois.fr\/","name":"","description":"","potentialAction":[{"@type":"SearchAction","target":{"@type":"EntryPoint","urlTemplate":"https:\/\/kobois.fr\/?s={search_term_string}"},"query-input":{"@type":"PropertyValueSpecification","valueRequired":true,"valueName":"search_term_string"}}],"inLanguage":"fr-FR"}]}},"_links":{"self":[{"href":"https:\/\/kobois.fr\/index.php\/wp-json\/wp\/v2\/pages\/87","targetHints":{"allow":["GET"]}}],"collection":[{"href":"https:\/\/kobois.fr\/index.php\/wp-json\/wp\/v2\/pages"}],"about":[{"href":"https:\/\/kobois.fr\/index.php\/wp-json\/wp\/v2\/types\/page"}],"author":[{"embeddable":true,"href":"https:\/\/kobois.fr\/index.php\/wp-json\/wp\/v2\/users\/1"}],"replies":[{"embeddable":true,"href":"https:\/\/kobois.fr\/index.php\/wp-json\/wp\/v2\/comments?post=87"}],"version-history":[{"count":175,"href":"https:\/\/kobois.fr\/index.php\/wp-json\/wp\/v2\/pages\/87\/revisions"}],"predecessor-version":[{"id":2318,"href":"https:\/\/kobois.fr\/index.php\/wp-json\/wp\/v2\/pages\/87\/revisions\/2318"}],"wp:attachment":[{"href":"https:\/\/kobois.fr\/index.php\/wp-json\/wp\/v2\/media?parent=87"}],"curies":[{"name":"wp","href":"https:\/\/api.w.org\/{rel}","templated":true}]}}