{"id":114,"date":"2024-04-21T16:56:06","date_gmt":"2024-04-21T14:56:06","guid":{"rendered":"https:\/\/kobois.fr\/?page_id=114"},"modified":"2025-08-22T12:10:02","modified_gmt":"2025-08-22T10:10:02","slug":"accueil","status":"publish","type":"page","link":"https:\/\/kobois.fr\/","title":{"rendered":"Accueil"},"content":{"rendered":"\t\t<div data-elementor-type=\"wp-page\" data-elementor-id=\"114\" class=\"elementor elementor-114\" data-elementor-post-type=\"page\">\n\t\t\t\t<div class=\"elementor-element elementor-element-8b703b2 e-con-full e-flex e-con e-parent\" data-id=\"8b703b2\" data-element_type=\"container\" data-e-type=\"container\">\n\t\t\t\t<div class=\"elementor-element elementor-element-c495b4d elementor-hidden-mobile elementor-widget elementor-widget-image\" data-id=\"c495b4d\" data-element_type=\"widget\" data-e-type=\"widget\" data-widget_type=\"image.default\">\n\t\t\t\t<div class=\"elementor-widget-container\">\n\t\t\t\t\t\t\t\t\t\t\t\t\t\t\t<img fetchpriority=\"high\" decoding=\"async\" width=\"2534\" height=\"1402\" src=\"https:\/\/kobois.fr\/wp-content\/uploads\/2024\/04\/DSC_1116-scaled-e1729761715647.jpg\" class=\"attachment-full size-full wp-image-192\" alt=\"Parquet; sol souple; terrasse;\" srcset=\"https:\/\/kobois.fr\/wp-content\/uploads\/2024\/04\/DSC_1116-scaled-e1729761715647.jpg 2534w, https:\/\/kobois.fr\/wp-content\/uploads\/2024\/04\/DSC_1116-scaled-e1729761715647-300x166.jpg 300w, https:\/\/kobois.fr\/wp-content\/uploads\/2024\/04\/DSC_1116-scaled-e1729761715647-1024x567.jpg 1024w, https:\/\/kobois.fr\/wp-content\/uploads\/2024\/04\/DSC_1116-scaled-e1729761715647-768x425.jpg 768w, https:\/\/kobois.fr\/wp-content\/uploads\/2024\/04\/DSC_1116-scaled-e1729761715647-1536x850.jpg 1536w, https:\/\/kobois.fr\/wp-content\/uploads\/2024\/04\/DSC_1116-scaled-e1729761715647-2048x1133.jpg 2048w\" sizes=\"(max-width: 2534px) 100vw, 2534px\" \/>\t\t\t\t\t\t\t\t\t\t\t\t\t\t\t<\/div>\n\t\t\t\t<\/div>\n\t\t\t\t<div class=\"elementor-element elementor-element-04933c7 elementor-hidden-desktop elementor-hidden-tablet elementor-widget elementor-widget-image\" data-id=\"04933c7\" data-element_type=\"widget\" data-e-type=\"widget\" data-widget_type=\"image.default\">\n\t\t\t\t<div class=\"elementor-widget-container\">\n\t\t\t\t\t\t\t\t\t\t\t\t\t\t\t<img decoding=\"async\" src=\"https:\/\/kobois.fr\/wp-content\/uploads\/elementor\/thumbs\/DSC_1116-scaled-e1729761715647-qw0vgr4cqcejlm5bdy7jn3sdvww262xwo2yc01ikq0.jpg\" title=\"Kobois, des solutions sur-mesure\" alt=\"Parquet; sol souple; terrasse;\" loading=\"lazy\" \/>\t\t\t\t\t\t\t\t\t\t\t\t\t\t\t<\/div>\n\t\t\t\t<\/div>\n\t\t\t\t<\/div>\n\t\t<div class=\"elementor-element elementor-element-5672f97 e-flex e-con-boxed e-con e-parent\" data-id=\"5672f97\" data-element_type=\"container\" data-e-type=\"container\">\n\t\t\t\t\t<div class=\"e-con-inner\">\n\t\t\t\t<div class=\"elementor-element elementor-element-87810f0 elementor-widget elementor-widget-text-editor\" data-id=\"87810f0\" data-element_type=\"widget\" data-e-type=\"widget\" data-widget_type=\"text-editor.default\">\n\t\t\t\t<div class=\"elementor-widget-container\">\n\t\t\t\t\t\t\t\t\t<p>Kobois a pour but de sublimer les projets de ses clients en cr\u00e9ant des terrasses en bois et des parquets sur mesure, tout en mettant un accent particulier sur un travail s\u00e9rieux et de qualit\u00e9<\/p>\t\t\t\t\t\t\t\t<\/div>\n\t\t\t\t<\/div>\n\t\t\t\t<div class=\"elementor-element elementor-element-292cca1 elementor-align-center elementor-widget elementor-widget-button\" data-id=\"292cca1\" data-element_type=\"widget\" data-e-type=\"widget\" data-widget_type=\"button.default\">\n\t\t\t\t<div class=\"elementor-widget-container\">\n\t\t\t\t\t\t\t\t\t<div class=\"elementor-button-wrapper\">\n\t\t\t\t\t<a class=\"elementor-button elementor-button-link elementor-size-sm\" href=\"https:\/\/kobois.fr\/index.php\/a-propos\/\">\n\t\t\t\t\t\t<span class=\"elementor-button-content-wrapper\">\n\t\t\t\t\t\t\t\t\t<span class=\"elementor-button-text\">En savoir plus<\/span>\n\t\t\t\t\t<\/span>\n\t\t\t\t\t<\/a>\n\t\t\t\t<\/div>\n\t\t\t\t\t\t\t\t<\/div>\n\t\t\t\t<\/div>\n\t\t\t\t\t<\/div>\n\t\t\t\t<\/div>\n\t\t<div class=\"elementor-element elementor-element-049a030 e-con-full e-flex e-con e-parent\" data-id=\"049a030\" data-element_type=\"container\" data-e-type=\"container\">\n\t\t<div class=\"elementor-element elementor-element-c395159 e-con-full e-flex e-con e-child\" data-id=\"c395159\" data-element_type=\"container\" data-e-type=\"container\">\n\t\t\t\t<div class=\"elementor-element elementor-element-39c9a67 elementor-widget elementor-widget-text-editor\" data-id=\"39c9a67\" data-element_type=\"widget\" data-e-type=\"widget\" data-widget_type=\"text-editor.default\">\n\t\t\t\t<div class=\"elementor-widget-container\">\n\t\t\t\t\t\t\t\t\t<p><span style=\"color: #808080;\">Ce que nous proposons<\/span><\/p>\t\t\t\t\t\t\t\t<\/div>\n\t\t\t\t<\/div>\n\t\t\t\t<\/div>\n\t\t<div class=\"elementor-element elementor-element-0c41cd9 e-con-full e-flex e-con e-child\" data-id=\"0c41cd9\" data-element_type=\"container\" data-e-type=\"container\">\n\t\t\t\t<div class=\"elementor-element elementor-element-0951a26 elementor-widget elementor-widget-text-editor\" data-id=\"0951a26\" data-element_type=\"widget\" data-e-type=\"widget\" data-widget_type=\"text-editor.default\">\n\t\t\t\t<div class=\"elementor-widget-container\">\n\t\t\t\t\t\t\t\t\t<p>Kobois propose une gamme compl\u00e8te de services d&rsquo;am\u00e9nagement en bois et rev\u00eatements de sol, incluant la pose de parquets, de sols souples et de terrasses. Que ce soit pour redonner vie \u00e0 un sol int\u00e9rieur avec un parquet \u00e9l\u00e9gant, installer des sols souples fonctionnels et esth\u00e9tiques, ou cr\u00e9er une terrasse en bois chaleureuse et durable, nous mettons notre expertise et notre savoir-faire au service de chaque projet.<\/p>\t\t\t\t\t\t\t\t<\/div>\n\t\t\t\t<\/div>\n\t\t\t\t<div class=\"elementor-element elementor-element-937d11b elementor-align-left elementor-widget elementor-widget-button\" data-id=\"937d11b\" data-element_type=\"widget\" data-e-type=\"widget\" data-widget_type=\"button.default\">\n\t\t\t\t<div class=\"elementor-widget-container\">\n\t\t\t\t\t\t\t\t\t<div class=\"elementor-button-wrapper\">\n\t\t\t\t\t<a class=\"elementor-button elementor-button-link elementor-size-sm\" href=\"https:\/\/kobois.fr\/index.php\/services\/\">\n\t\t\t\t\t\t<span class=\"elementor-button-content-wrapper\">\n\t\t\t\t\t\t\t\t\t<span class=\"elementor-button-text\">D\u00e9couvrir nos services<\/span>\n\t\t\t\t\t<\/span>\n\t\t\t\t\t<\/a>\n\t\t\t\t<\/div>\n\t\t\t\t\t\t\t\t<\/div>\n\t\t\t\t<\/div>\n\t\t\t\t<\/div>\n\t\t\t\t<\/div>\n\t\t<div class=\"elementor-element elementor-element-f538f08 e-con-full e-flex e-con e-parent\" data-id=\"f538f08\" data-element_type=\"container\" data-e-type=\"container\">\n\t\t\t\t<div class=\"elementor-element elementor-element-69b8c6b elementor-grid-2 elementor-grid-tablet-2 elementor-grid-mobile-1 elementor-widget elementor-widget-portfolio\" data-id=\"69b8c6b\" data-element_type=\"widget\" data-e-type=\"widget\" data-settings=\"{&quot;columns&quot;:&quot;2&quot;,&quot;row_gap&quot;:{&quot;unit&quot;:&quot;px&quot;,&quot;size&quot;:32,&quot;sizes&quot;:[]},&quot;item_ratio&quot;:{&quot;unit&quot;:&quot;px&quot;,&quot;size&quot;:1,&quot;sizes&quot;:[]},&quot;columns_tablet&quot;:&quot;2&quot;,&quot;columns_mobile&quot;:&quot;1&quot;,&quot;item_gap&quot;:{&quot;unit&quot;:&quot;px&quot;,&quot;size&quot;:&quot;&quot;,&quot;sizes&quot;:[]}}\" data-widget_type=\"portfolio.default\">\n\t\t\t\t<div class=\"elementor-widget-container\">\n\t\t\t\t\t\t\t<div class=\"elementor-portfolio elementor-grid elementor-posts-container\" role=\"list\">\n\t\t\t\t<article class=\"elementor-portfolio-item elementor-post  post-1 post type-post status-publish format-standard has-post-thumbnail hentry category-non-classe\" role=\"listitem\">\n\t\t\t<a class=\"elementor-post__thumbnail__link\" href=\"https:\/\/kobois.fr\/index.php\/2025\/07\/31\/bonjour-tout-le-monde\/\">\n\t\t\t\t<div class=\"elementor-portfolio-item__img elementor-post__thumbnail\">\n\t\t\t<img decoding=\"async\" width=\"225\" height=\"300\" src=\"https:\/\/kobois.fr\/wp-content\/uploads\/2025\/07\/IMG_4796-225x300.jpg\" class=\"attachment-medium size-medium wp-image-2208\" alt=\"\" srcset=\"https:\/\/kobois.fr\/wp-content\/uploads\/2025\/07\/IMG_4796-225x300.jpg 225w, https:\/\/kobois.fr\/wp-content\/uploads\/2025\/07\/IMG_4796-768x1024.jpg 768w, https:\/\/kobois.fr\/wp-content\/uploads\/2025\/07\/IMG_4796-1152x1536.jpg 1152w, https:\/\/kobois.fr\/wp-content\/uploads\/2025\/07\/IMG_4796-1536x2048.jpg 1536w, https:\/\/kobois.fr\/wp-content\/uploads\/2025\/07\/IMG_4796-scaled.jpg 1920w\" sizes=\"(max-width: 225px) 100vw, 225px\" \/>\t\t<\/div>\n\t\t\t\t<div class=\"elementor-portfolio-item__overlay\">\n\t\t\t\t<h3 class=\"elementor-portfolio-item__title\">\n\t\tAgrandissement terrasse\t\t<\/h3>\n\t\t\t\t<\/div>\n\t\t\t\t<\/a>\n\t\t<\/article>\n\t\t\t\t<article class=\"elementor-portfolio-item elementor-post  post-720 post type-post status-publish format-standard has-post-thumbnail hentry category-non-classe\" role=\"listitem\">\n\t\t\t<a class=\"elementor-post__thumbnail__link\" href=\"https:\/\/kobois.fr\/index.php\/2025\/07\/31\/parquet-ancien-appartement\/\">\n\t\t\t\t<div class=\"elementor-portfolio-item__img elementor-post__thumbnail\">\n\t\t\t<img decoding=\"async\" width=\"225\" height=\"300\" src=\"https:\/\/kobois.fr\/wp-content\/uploads\/2025\/07\/IMG_4537-225x300.jpg\" class=\"attachment-medium size-medium wp-image-2244\" alt=\"\" srcset=\"https:\/\/kobois.fr\/wp-content\/uploads\/2025\/07\/IMG_4537-225x300.jpg 225w, https:\/\/kobois.fr\/wp-content\/uploads\/2025\/07\/IMG_4537-768x1024.jpg 768w, https:\/\/kobois.fr\/wp-content\/uploads\/2025\/07\/IMG_4537-scaled.jpg 1920w\" sizes=\"(max-width: 225px) 100vw, 225px\" \/>\t\t<\/div>\n\t\t\t\t<div class=\"elementor-portfolio-item__overlay\">\n\t\t\t\t<h3 class=\"elementor-portfolio-item__title\">\n\t\tTerrasse en bois en pin US\t\t<\/h3>\n\t\t\t\t<\/div>\n\t\t\t\t<\/a>\n\t\t<\/article>\n\t\t\t\t<\/div>\n\t\t\t\t\t\t<\/div>\n\t\t\t\t<\/div>\n\t\t<div class=\"elementor-element elementor-element-95f0c7d e-con-full e-flex e-con e-child\" data-id=\"95f0c7d\" data-element_type=\"container\" data-e-type=\"container\">\n\t\t\t\t<div class=\"elementor-element elementor-element-a06cbee elementor-align-right elementor-widget elementor-widget-button\" data-id=\"a06cbee\" data-element_type=\"widget\" data-e-type=\"widget\" data-widget_type=\"button.default\">\n\t\t\t\t<div class=\"elementor-widget-container\">\n\t\t\t\t\t\t\t\t\t<div class=\"elementor-button-wrapper\">\n\t\t\t\t\t<a class=\"elementor-button elementor-button-link elementor-size-sm\" href=\"https:\/\/kobois.fr\/index.php\/projets\/\">\n\t\t\t\t\t\t<span class=\"elementor-button-content-wrapper\">\n\t\t\t\t\t\t\t\t\t<span class=\"elementor-button-text\">Voir plus de projets<\/span>\n\t\t\t\t\t<\/span>\n\t\t\t\t\t<\/a>\n\t\t\t\t<\/div>\n\t\t\t\t\t\t\t\t<\/div>\n\t\t\t\t<\/div>\n\t\t\t\t<\/div>\n\t\t\t\t<\/div>\n\t\t<div class=\"elementor-element elementor-element-026c287 e-con-full elementor-hidden-mobile e-flex e-con e-parent\" data-id=\"026c287\" data-element_type=\"container\" data-e-type=\"container\" data-settings=\"{&quot;background_background&quot;:&quot;classic&quot;}\">\n\t\t\t\t<div class=\"elementor-element elementor-element-d2ffdad elementor-widget elementor-widget-text-editor\" data-id=\"d2ffdad\" data-element_type=\"widget\" data-e-type=\"widget\" data-widget_type=\"text-editor.default\">\n\t\t\t\t<div class=\"elementor-widget-container\">\n\t\t\t\t\t\t\t\t\t<p><em>Pr\u00eat \u00e0 commencer votre projet ?<\/em><\/p>\t\t\t\t\t\t\t\t<\/div>\n\t\t\t\t<\/div>\n\t\t\t\t<div class=\"elementor-element elementor-element-0b6be9b elementor-widget elementor-widget-text-editor\" data-id=\"0b6be9b\" data-element_type=\"widget\" data-e-type=\"widget\" data-widget_type=\"text-editor.default\">\n\t\t\t\t<div class=\"elementor-widget-container\">\n\t\t\t\t\t\t\t\t\t<p>Nous aimerions vous aidez <br \/>\u00e0 le r\u00e9aliser<\/p>\t\t\t\t\t\t\t\t<\/div>\n\t\t\t\t<\/div>\n\t\t\t\t<div class=\"elementor-element elementor-element-5fd5ef0 elementor-align-center elementor-widget elementor-widget-button\" data-id=\"5fd5ef0\" data-element_type=\"widget\" data-e-type=\"widget\" data-widget_type=\"button.default\">\n\t\t\t\t<div class=\"elementor-widget-container\">\n\t\t\t\t\t\t\t\t\t<div class=\"elementor-button-wrapper\">\n\t\t\t\t\t<a class=\"elementor-button elementor-button-link elementor-size-sm\" href=\"mailto:contact@kobois.fr\">\n\t\t\t\t\t\t<span class=\"elementor-button-content-wrapper\">\n\t\t\t\t\t\t\t\t\t<span class=\"elementor-button-text\">contact@kobois.fr<\/span>\n\t\t\t\t\t<\/span>\n\t\t\t\t\t<\/a>\n\t\t\t\t<\/div>\n\t\t\t\t\t\t\t\t<\/div>\n\t\t\t\t<\/div>\n\t\t\t\t<\/div>\n\t\t<div class=\"elementor-element elementor-element-59b6768 e-con-full elementor-hidden-desktop elementor-hidden-tablet e-flex e-con e-parent\" data-id=\"59b6768\" data-element_type=\"container\" data-e-type=\"container\" data-settings=\"{&quot;background_background&quot;:&quot;classic&quot;}\">\n\t\t\t\t<div class=\"elementor-element elementor-element-81ba5ca elementor-widget elementor-widget-text-editor\" data-id=\"81ba5ca\" data-element_type=\"widget\" data-e-type=\"widget\" data-widget_type=\"text-editor.default\">\n\t\t\t\t<div class=\"elementor-widget-container\">\n\t\t\t\t\t\t\t\t\t<p><em>Pr\u00eat \u00e0 commencer votre projet ?<\/em><\/p>\t\t\t\t\t\t\t\t<\/div>\n\t\t\t\t<\/div>\n\t\t\t\t<div class=\"elementor-element elementor-element-9d934e8 elementor-widget elementor-widget-text-editor\" data-id=\"9d934e8\" data-element_type=\"widget\" data-e-type=\"widget\" data-widget_type=\"text-editor.default\">\n\t\t\t\t<div class=\"elementor-widget-container\">\n\t\t\t\t\t\t\t\t\t<p>Nous aimerions vous aidez \u00e0 le r\u00e9aliser<\/p>\t\t\t\t\t\t\t\t<\/div>\n\t\t\t\t<\/div>\n\t\t\t\t<div class=\"elementor-element elementor-element-5424729 elementor-align-center elementor-widget elementor-widget-button\" data-id=\"5424729\" data-element_type=\"widget\" data-e-type=\"widget\" data-widget_type=\"button.default\">\n\t\t\t\t<div class=\"elementor-widget-container\">\n\t\t\t\t\t\t\t\t\t<div class=\"elementor-button-wrapper\">\n\t\t\t\t\t<a class=\"elementor-button elementor-button-link elementor-size-sm\" href=\"mailto:contact@kobois.fr\">\n\t\t\t\t\t\t<span class=\"elementor-button-content-wrapper\">\n\t\t\t\t\t\t\t\t\t<span class=\"elementor-button-text\">contact@kobois.fr<\/span>\n\t\t\t\t\t<\/span>\n\t\t\t\t\t<\/a>\n\t\t\t\t<\/div>\n\t\t\t\t\t\t\t\t<\/div>\n\t\t\t\t<\/div>\n\t\t\t\t<\/div>\n\t\t\t\t<\/div>\n\t\t","protected":false},"excerpt":{"rendered":"<p>Kobois a pour but de sublimer les projets de ses clients en cr\u00e9ant des terrasses en bois et des parquets sur mesure, tout en mettant un accent particulier sur un travail s\u00e9rieux et de qualit\u00e9 En savoir plus Ce que nous proposons Kobois propose une gamme compl\u00e8te de services d&rsquo;am\u00e9nagement en bois et rev\u00eatements de [&hellip;]<\/p>\n","protected":false},"author":1,"featured_media":0,"parent":0,"menu_order":0,"comment_status":"closed","ping_status":"closed","template":"","meta":{"inline_featured_image":false,"footnotes":""},"class_list":["post-114","page","type-page","status-publish","hentry"],"yoast_head":"<!-- This site is optimized with the Yoast SEO plugin v27.4 - https:\/\/yoast.com\/product\/yoast-seo-wordpress\/ -->\n<title>Kobois, expert en pose de parquet, sol souple et terrasse en Bois !<\/title>\n<meta name=\"description\" content=\"D\u00e9couvrez nos services de pose de parquet, sol souple et terrasse en bois. Kobois, vous propose des solutions adapt\u00e9s \u00e0 vos besoins !\" \/>\n<meta name=\"robots\" content=\"index, follow, max-snippet:-1, max-image-preview:large, max-video-preview:-1\" \/>\n<link rel=\"canonical\" href=\"https:\/\/kobois.fr\/\" \/>\n<meta property=\"og:locale\" content=\"fr_FR\" \/>\n<meta property=\"og:type\" content=\"article\" \/>\n<meta property=\"og:title\" content=\"Kobois, expert en pose de parquet, sol souple et terrasse en Bois !\" \/>\n<meta property=\"og:description\" content=\"D\u00e9couvrez nos services de pose de parquet, sol souple et terrasse en bois. Kobois, vous propose des solutions adapt\u00e9s \u00e0 vos besoins !\" \/>\n<meta property=\"og:url\" content=\"https:\/\/kobois.fr\/\" \/>\n<meta property=\"article:modified_time\" content=\"2025-08-22T10:10:02+00:00\" \/>\n<meta property=\"og:image\" content=\"https:\/\/kobois.fr\/wp-content\/uploads\/2024\/04\/DSC_1116-scaled-e1729761715647.jpg\" \/>\n\t<meta property=\"og:image:width\" content=\"2534\" \/>\n\t<meta property=\"og:image:height\" content=\"1402\" \/>\n\t<meta property=\"og:image:type\" content=\"image\/jpeg\" \/>\n<meta name=\"twitter:card\" content=\"summary_large_image\" \/>\n<meta name=\"twitter:label1\" content=\"Dur\u00e9e de lecture estim\u00e9e\" \/>\n\t<meta name=\"twitter:data1\" content=\"2 minutes\" \/>\n<script type=\"application\/ld+json\" class=\"yoast-schema-graph\">{\"@context\":\"https:\\\/\\\/schema.org\",\"@graph\":[{\"@type\":\"WebPage\",\"@id\":\"https:\\\/\\\/kobois.fr\\\/\",\"url\":\"https:\\\/\\\/kobois.fr\\\/\",\"name\":\"Kobois, expert en pose de parquet, sol souple et terrasse en Bois !\",\"isPartOf\":{\"@id\":\"https:\\\/\\\/kobois.fr\\\/#website\"},\"primaryImageOfPage\":{\"@id\":\"https:\\\/\\\/kobois.fr\\\/#primaryimage\"},\"image\":{\"@id\":\"https:\\\/\\\/kobois.fr\\\/#primaryimage\"},\"thumbnailUrl\":\"https:\\\/\\\/kobois.fr\\\/wp-content\\\/uploads\\\/2024\\\/04\\\/DSC_1116-scaled-e1729761715647.jpg\",\"datePublished\":\"2024-04-21T14:56:06+00:00\",\"dateModified\":\"2025-08-22T10:10:02+00:00\",\"description\":\"D\u00e9couvrez nos services de pose de parquet, sol souple et terrasse en bois. Kobois, vous propose des solutions adapt\u00e9s \u00e0 vos besoins !\",\"breadcrumb\":{\"@id\":\"https:\\\/\\\/kobois.fr\\\/#breadcrumb\"},\"inLanguage\":\"fr-FR\",\"potentialAction\":[{\"@type\":\"ReadAction\",\"target\":[\"https:\\\/\\\/kobois.fr\\\/\"]}]},{\"@type\":\"ImageObject\",\"inLanguage\":\"fr-FR\",\"@id\":\"https:\\\/\\\/kobois.fr\\\/#primaryimage\",\"url\":\"https:\\\/\\\/kobois.fr\\\/wp-content\\\/uploads\\\/2024\\\/04\\\/DSC_1116-scaled-e1729761715647.jpg\",\"contentUrl\":\"https:\\\/\\\/kobois.fr\\\/wp-content\\\/uploads\\\/2024\\\/04\\\/DSC_1116-scaled-e1729761715647.jpg\",\"width\":2534,\"height\":1402,\"caption\":\"Parquet; sol souple; terrasse;\"},{\"@type\":\"BreadcrumbList\",\"@id\":\"https:\\\/\\\/kobois.fr\\\/#breadcrumb\",\"itemListElement\":[{\"@type\":\"ListItem\",\"position\":1,\"name\":\"Accueil\",\"item\":\"https:\\\/\\\/kobois.fr\\\/\"},{\"@type\":\"ListItem\",\"position\":2,\"name\":\"Accueil\"}]},{\"@type\":\"WebSite\",\"@id\":\"https:\\\/\\\/kobois.fr\\\/#website\",\"url\":\"https:\\\/\\\/kobois.fr\\\/\",\"name\":\"\",\"description\":\"\",\"potentialAction\":[{\"@type\":\"SearchAction\",\"target\":{\"@type\":\"EntryPoint\",\"urlTemplate\":\"https:\\\/\\\/kobois.fr\\\/?s={search_term_string}\"},\"query-input\":{\"@type\":\"PropertyValueSpecification\",\"valueRequired\":true,\"valueName\":\"search_term_string\"}}],\"inLanguage\":\"fr-FR\"}]}<\/script>\n<!-- \/ Yoast SEO plugin. -->","yoast_head_json":{"title":"Kobois, expert en pose de parquet, sol souple et terrasse en Bois !","description":"D\u00e9couvrez nos services de pose de parquet, sol souple et terrasse en bois. Kobois, vous propose des solutions adapt\u00e9s \u00e0 vos besoins !","robots":{"index":"index","follow":"follow","max-snippet":"max-snippet:-1","max-image-preview":"max-image-preview:large","max-video-preview":"max-video-preview:-1"},"canonical":"https:\/\/kobois.fr\/","og_locale":"fr_FR","og_type":"article","og_title":"Kobois, expert en pose de parquet, sol souple et terrasse en Bois !","og_description":"D\u00e9couvrez nos services de pose de parquet, sol souple et terrasse en bois. Kobois, vous propose des solutions adapt\u00e9s \u00e0 vos besoins !","og_url":"https:\/\/kobois.fr\/","article_modified_time":"2025-08-22T10:10:02+00:00","og_image":[{"width":2534,"height":1402,"url":"https:\/\/kobois.fr\/wp-content\/uploads\/2024\/04\/DSC_1116-scaled-e1729761715647.jpg","type":"image\/jpeg"}],"twitter_card":"summary_large_image","twitter_misc":{"Dur\u00e9e de lecture estim\u00e9e":"2 minutes"},"schema":{"@context":"https:\/\/schema.org","@graph":[{"@type":"WebPage","@id":"https:\/\/kobois.fr\/","url":"https:\/\/kobois.fr\/","name":"Kobois, expert en pose de parquet, sol souple et terrasse en Bois !","isPartOf":{"@id":"https:\/\/kobois.fr\/#website"},"primaryImageOfPage":{"@id":"https:\/\/kobois.fr\/#primaryimage"},"image":{"@id":"https:\/\/kobois.fr\/#primaryimage"},"thumbnailUrl":"https:\/\/kobois.fr\/wp-content\/uploads\/2024\/04\/DSC_1116-scaled-e1729761715647.jpg","datePublished":"2024-04-21T14:56:06+00:00","dateModified":"2025-08-22T10:10:02+00:00","description":"D\u00e9couvrez nos services de pose de parquet, sol souple et terrasse en bois. Kobois, vous propose des solutions adapt\u00e9s \u00e0 vos besoins !","breadcrumb":{"@id":"https:\/\/kobois.fr\/#breadcrumb"},"inLanguage":"fr-FR","potentialAction":[{"@type":"ReadAction","target":["https:\/\/kobois.fr\/"]}]},{"@type":"ImageObject","inLanguage":"fr-FR","@id":"https:\/\/kobois.fr\/#primaryimage","url":"https:\/\/kobois.fr\/wp-content\/uploads\/2024\/04\/DSC_1116-scaled-e1729761715647.jpg","contentUrl":"https:\/\/kobois.fr\/wp-content\/uploads\/2024\/04\/DSC_1116-scaled-e1729761715647.jpg","width":2534,"height":1402,"caption":"Parquet; sol souple; terrasse;"},{"@type":"BreadcrumbList","@id":"https:\/\/kobois.fr\/#breadcrumb","itemListElement":[{"@type":"ListItem","position":1,"name":"Accueil","item":"https:\/\/kobois.fr\/"},{"@type":"ListItem","position":2,"name":"Accueil"}]},{"@type":"WebSite","@id":"https:\/\/kobois.fr\/#website","url":"https:\/\/kobois.fr\/","name":"","description":"","potentialAction":[{"@type":"SearchAction","target":{"@type":"EntryPoint","urlTemplate":"https:\/\/kobois.fr\/?s={search_term_string}"},"query-input":{"@type":"PropertyValueSpecification","valueRequired":true,"valueName":"search_term_string"}}],"inLanguage":"fr-FR"}]}},"_links":{"self":[{"href":"https:\/\/kobois.fr\/index.php\/wp-json\/wp\/v2\/pages\/114","targetHints":{"allow":["GET"]}}],"collection":[{"href":"https:\/\/kobois.fr\/index.php\/wp-json\/wp\/v2\/pages"}],"about":[{"href":"https:\/\/kobois.fr\/index.php\/wp-json\/wp\/v2\/types\/page"}],"author":[{"embeddable":true,"href":"https:\/\/kobois.fr\/index.php\/wp-json\/wp\/v2\/users\/1"}],"replies":[{"embeddable":true,"href":"https:\/\/kobois.fr\/index.php\/wp-json\/wp\/v2\/comments?post=114"}],"version-history":[{"count":399,"href":"https:\/\/kobois.fr\/index.php\/wp-json\/wp\/v2\/pages\/114\/revisions"}],"predecessor-version":[{"id":2306,"href":"https:\/\/kobois.fr\/index.php\/wp-json\/wp\/v2\/pages\/114\/revisions\/2306"}],"wp:attachment":[{"href":"https:\/\/kobois.fr\/index.php\/wp-json\/wp\/v2\/media?parent=114"}],"curies":[{"name":"wp","href":"https:\/\/api.w.org\/{rel}","templated":true}]}}